{"id":8931,"date":"2025-06-30T13:01:44","date_gmt":"2025-06-30T13:01:44","guid":{"rendered":"https:\/\/lemmetravel.com\/disclaimer\/"},"modified":"2025-08-10T20:25:05","modified_gmt":"2025-08-10T20:25:05","slug":"disclaimer","status":"publish","type":"page","link":"https:\/\/www.lemmetravel.com\/tr\/sorumluluk-reddi\/","title":{"rendered":"Sorumluluk Reddi"},"content":{"rendered":"<!-- Legal document generated by Complianz | GDPR\/CCPA Cookie Consent https:\/\/wordpress.org\/plugins\/complianz-gdpr -->\n<div id=\"cmplz-document\" class=\"cmplz-document disclaimer cmplz-document-all\"><p>LEMME TRAVEL - FZCO, bu web sisteminin g\u00fcncel ve do\u011fru tutmay\u0131 s\u00fcrd\u00fcrmesini sa\u011flar. Yine de yanl\u0131\u015f veya g\u00fcncel olmayan bir \u015feyle kar\u015f\u0131la\u015f\u0131rsan\u0131z, bizden memnun kal\u0131rs\u0131n\u0131z. L\u00fctfen web sitesindeki bilgileri nerede okudu\u011funuzu g\u00f6stermektedir. Daha sonra buna en k\u0131sa zamanda bakaca\u011f\u0131z. L\u00fctfen yan\u0131t\u0131n\u0131z\u0131 e-posta ile \u015fu adrese g\u00f6nderin: <span class=\"cmplz-obfuscate\">&#115;upport@<span class=\"cmplz-fmail-domain\">ex.com<\/span>&#108;&#101;mm&#101;t&#114;&#097;v&#101;l.&#099;o&#109;<\/span>.<\/p><p>Yanl\u0131\u015fl\u0131klar\u0131n veya eksikli\u011fin bir sonu\u00e7 olarak kaybolmas\u0131 veya kesintileri veya kesintileri gibi bilgilerin internet yoluyla da\u011f\u0131lmas\u0131ndan etkilenmesi veya bunun do\u011fas\u0131nda var olan sorunlardan meydana gelen kay\u0131plardan sorumlu olmamas\u0131. Web formlar\u0131n\u0131 kullan\u0131rken gerekli alan say\u0131s\u0131n\u0131 en az indirmeye \u00e7al\u0131\u015f\u0131yoruz. LEMME TRAVEL - FZCO taraf\u0131ndan veya bu web sitesi arac\u0131l\u0131\u011f\u0131yla sa\u011flanan veri, \u00f6neri veya kay\u0131tlar\u0131n kullan\u0131m\u0131ndan kaynaklanan herhangi bir kay\u0131p i\u00e7in, LEMME TRAVEL - FZCO hi\u00e7bir sorumlulu\u011fu kabul etmez.<\/p><p>Web payla\u015f\u0131m\u0131 ve t\u00fcm bile\u015fenlerin (forumlar dahil) kullan\u0131m\u0131 <a href=\"https:\/\/www.lemmetravel.com\/tr\/sartlar-ve-kosullar\/\" target=\"_blank\">kay\u0131t ko\u015fullar\u0131<\/a> tabidir. Bu web da\u011f\u0131t\u0131m\u0131 sadece kullan\u0131m\u0131, bu kullan\u0131m ko\u015fullar\u0131n\u0131n bilgisi ve kabul\u00fcn\u00fc ifade eder.<\/p><p>Bu web i\u00e7eri\u011finin i\u00e7eri\u011fi t\u00fcm fikri m\u00fclkiyet haklar\u0131na ili\u015fkin LEMME TRAVEL - FZCO olarak verilmi\u015ftir.<\/p><p>Bu bilgilerin kopyalanmas\u0131na, \u00e7o\u011falt\u0131lmas\u0131na ve ba\u015fka herhangi bir \u015fekilde kullan\u0131lmas\u0131na izin verilmez, ancak belirli i\u00e7erik aksini belirtmedik\u00e7e zorunlu yasa d\u00fczenlemelerinde (al\u0131nt\u0131 yapma hakk\u0131 gibi) aksi belirtilmedik\u00e7e ve LEMME TRAVEL - FZCO yaz\u0131l\u0131 izni olmadan izin verilmez.<\/p><p>Web s\u00fcr\u00fcm\u00fcne eri\u015filebilirli\u011fi ile ilgili herhangi bir sorunuz veya sorunlar\u0131n\u0131z varsa, l\u00fctfen benimle ileti\u015fime ge\u00e7in.<\/p><\/div>","protected":false},"excerpt":{"rendered":"","protected":false},"author":1,"featured_media":0,"parent":0,"menu_order":0,"comment_status":"closed","ping_status":"closed","template":"","meta":{"footnotes":""},"class_list":["post-8931","page","type-page","status-publish","hentry"],"aioseo_notices":[],"acf":[],"aioseo_head":"\n\t\t<!-- All in One SEO Pro 4.9.5.1 - aioseo.com -->\n\t<meta name=\"robots\" content=\"noindex, nofollow, noarchive, nosnippet, noimageindex, noodp, max-video-preview:-1\" \/>\n\t<link rel=\"canonical\" href=\"https:\/\/www.lemmetravel.com\/tr\/sorumluluk-reddi\/\" \/>\n\t<meta name=\"generator\" content=\"All in One SEO Pro (AIOSEO) 4.9.5.1\" \/>\n\t\t<meta property=\"og:locale\" content=\"tr_TR\" \/>\n\t\t<meta property=\"og:site_name\" content=\"LEMMETravel.com\u00ae | Book Hotels, Flights, Cars &amp; Tours Online\" \/>\n\t\t<meta property=\"og:type\" content=\"article\" \/>\n\t\t<meta property=\"og:title\" content=\"Disclaimer\" \/>\n\t\t<meta property=\"og:url\" content=\"https:\/\/www.lemmetravel.com\/tr\/sorumluluk-reddi\/\" \/>\n\t\t<meta property=\"og:image\" content=\"https:\/\/www.lemmetravel.com\/wp-content\/uploads\/2025\/06\/i-40.webp\" \/>\n\t\t<meta property=\"og:image:secure_url\" content=\"https:\/\/www.lemmetravel.com\/wp-content\/uploads\/2025\/06\/i-40.webp\" \/>\n\t\t<meta property=\"og:image:width\" content=\"249\" \/>\n\t\t<meta property=\"og:image:height\" content=\"320\" \/>\n\t\t<meta property=\"article:published_time\" content=\"2025-06-30T13:01:44+00:00\" \/>\n\t\t<meta property=\"article:modified_time\" content=\"2025-08-10T20:25:05+00:00\" \/>\n\t\t<meta property=\"article:publisher\" content=\"https:\/\/facebook.com\/lemetravel\" \/>\n\t\t<meta name=\"twitter:card\" content=\"summary_large_image\" \/>\n\t\t<meta name=\"twitter:site\" content=\"@lemetravel\" \/>\n\t\t<meta name=\"twitter:title\" content=\"Disclaimer\" \/>\n\t\t<meta name=\"twitter:creator\" content=\"@lemetravel\" \/>\n\t\t<meta name=\"twitter:image\" content=\"https:\/\/www.lemmetravel.com\/wp-content\/uploads\/2025\/06\/i-40.webp\" \/>\n\t\t<script type=\"application\/ld+json\" class=\"aioseo-schema\">\n\t\t\t{\"@context\":\"https:\\\/\\\/schema.org\",\"@graph\":[{\"@type\":\"BreadcrumbList\",\"@id\":\"https:\\\/\\\/www.lemmetravel.com\\\/tr\\\/sorumluluk-reddi\\\/#breadcrumblist\",\"itemListElement\":[{\"@type\":\"ListItem\",\"@id\":\"https:\\\/\\\/www.lemmetravel.com\\\/tr#listItem\",\"position\":1,\"name\":\"Home\",\"item\":\"https:\\\/\\\/www.lemmetravel.com\\\/tr\",\"nextItem\":{\"@type\":\"ListItem\",\"@id\":\"https:\\\/\\\/www.lemmetravel.com\\\/tr\\\/sorumluluk-reddi\\\/#listItem\",\"name\":\"Disclaimer\"}},{\"@type\":\"ListItem\",\"@id\":\"https:\\\/\\\/www.lemmetravel.com\\\/tr\\\/sorumluluk-reddi\\\/#listItem\",\"position\":2,\"name\":\"Disclaimer\",\"previousItem\":{\"@type\":\"ListItem\",\"@id\":\"https:\\\/\\\/www.lemmetravel.com\\\/tr#listItem\",\"name\":\"Home\"}}]},{\"@type\":\"Organization\",\"@id\":\"https:\\\/\\\/www.lemmetravel.com\\\/tr\\\/#organization\",\"name\":\"LEMMETravel.com\\u00ae\",\"description\":\"LEMMETravel.com is your all-in-one online booking platform for hotels, flights, car rentals, and tours worldwide. Compare prices, book instantly, and enjoy seamless travel planning with competitive deals and trusted partners.\",\"url\":\"https:\\\/\\\/www.lemmetravel.com\\\/tr\\\/\",\"email\":\"support@lemmetravel.com\",\"telephone\":\"+971525234064\",\"foundingDate\":\"2016-07-01\",\"numberOfEmployees\":{\"@type\":\"QuantitativeValue\",\"minValue\":0,\"maxValue\":20},\"logo\":{\"@type\":\"ImageObject\",\"url\":\"https:\\\/\\\/www.lemmetravel.com\\\/wp-content\\\/uploads\\\/2025\\\/07\\\/Untitled-design-85.jpg\",\"@id\":\"https:\\\/\\\/www.lemmetravel.com\\\/tr\\\/sorumluluk-reddi\\\/#organizationLogo\",\"width\":112,\"height\":112,\"caption\":\"LEMMETravel.com\"},\"image\":{\"@id\":\"https:\\\/\\\/www.lemmetravel.com\\\/tr\\\/sorumluluk-reddi\\\/#organizationLogo\"},\"sameAs\":[\"https:\\\/\\\/facebook.com\\\/lemetravel\",\"https:\\\/\\\/x.com\\\/lemetravel\",\"https:\\\/\\\/www.instagram.com\\\/lemetravel\\\/\",\"https:\\\/\\\/www.tiktok.com\\\/@lemmetravel\",\"https:\\\/\\\/www.pinterest.com\\\/officiallemmetravel\\\/\",\"https:\\\/\\\/www.youtube.com\\\/channel\\\/UCQfiu3Cz99bkm5iKxufCKew\",\"https:\\\/\\\/www.linkedin.com\\\/company\\\/lemmetravel-com\"]},{\"@type\":\"WebPage\",\"@id\":\"https:\\\/\\\/www.lemmetravel.com\\\/tr\\\/sorumluluk-reddi\\\/#webpage\",\"url\":\"https:\\\/\\\/www.lemmetravel.com\\\/tr\\\/sorumluluk-reddi\\\/\",\"name\":\"Disclaimer\",\"inLanguage\":\"tr-TR\",\"isPartOf\":{\"@id\":\"https:\\\/\\\/www.lemmetravel.com\\\/tr\\\/#website\"},\"breadcrumb\":{\"@id\":\"https:\\\/\\\/www.lemmetravel.com\\\/tr\\\/sorumluluk-reddi\\\/#breadcrumblist\"},\"datePublished\":\"2025-06-30T13:01:44+00:00\",\"dateModified\":\"2025-08-10T20:25:05+00:00\"},{\"@type\":\"WebSite\",\"@id\":\"https:\\\/\\\/www.lemmetravel.com\\\/tr\\\/#website\",\"url\":\"https:\\\/\\\/www.lemmetravel.com\\\/tr\\\/\",\"name\":\"LEMMETravel.com\\u00ae\",\"alternateName\":\"The Largest website for Hotels and Flights booking\",\"description\":\"Book Hotels, Flights, Cars & Tours Online\",\"inLanguage\":\"tr-TR\",\"publisher\":{\"@id\":\"https:\\\/\\\/www.lemmetravel.com\\\/tr\\\/#organization\"}}]}\n\t\t<\/script>\n\t\t<!-- All in One SEO Pro -->\r\n\t\t<title>Disclaimer<\/title>\n\n","aioseo_head_json":{"title":"Disclaimer","description":"","canonical_url":"https:\/\/www.lemmetravel.com\/tr\/sorumluluk-reddi\/","robots":"noindex, nofollow, noarchive, nosnippet, noimageindex, noodp, max-video-preview:-1","keywords":"","webmasterTools":{"miscellaneous":""},"schema":{"@context":"https:\/\/schema.org","@graph":[{"@type":"BreadcrumbList","@id":"https:\/\/www.lemmetravel.com\/tr\/sorumluluk-reddi\/#breadcrumblist","itemListElement":[{"@type":"ListItem","@id":"https:\/\/www.lemmetravel.com\/tr#listItem","position":1,"name":"Home","item":"https:\/\/www.lemmetravel.com\/tr","nextItem":{"@type":"ListItem","@id":"https:\/\/www.lemmetravel.com\/tr\/sorumluluk-reddi\/#listItem","name":"Disclaimer"}},{"@type":"ListItem","@id":"https:\/\/www.lemmetravel.com\/tr\/sorumluluk-reddi\/#listItem","position":2,"name":"Disclaimer","previousItem":{"@type":"ListItem","@id":"https:\/\/www.lemmetravel.com\/tr#listItem","name":"Home"}}]},{"@type":"Organization","@id":"https:\/\/www.lemmetravel.com\/tr\/#organization","name":"LEMMETravel.com\u00ae","description":"LEMMETravel.com is your all-in-one online booking platform for hotels, flights, car rentals, and tours worldwide. Compare prices, book instantly, and enjoy seamless travel planning with competitive deals and trusted partners.","url":"https:\/\/www.lemmetravel.com\/tr\/","email":"support@lemmetravel.com","telephone":"+971525234064","foundingDate":"2016-07-01","numberOfEmployees":{"@type":"QuantitativeValue","minValue":0,"maxValue":20},"logo":{"@type":"ImageObject","url":"https:\/\/www.lemmetravel.com\/wp-content\/uploads\/2025\/07\/Untitled-design-85.jpg","@id":"https:\/\/www.lemmetravel.com\/tr\/sorumluluk-reddi\/#organizationLogo","width":112,"height":112,"caption":"LEMMETravel.com"},"image":{"@id":"https:\/\/www.lemmetravel.com\/tr\/sorumluluk-reddi\/#organizationLogo"},"sameAs":["https:\/\/facebook.com\/lemetravel","https:\/\/x.com\/lemetravel","https:\/\/www.instagram.com\/lemetravel\/","https:\/\/www.tiktok.com\/@lemmetravel","https:\/\/www.pinterest.com\/officiallemmetravel\/","https:\/\/www.youtube.com\/channel\/UCQfiu3Cz99bkm5iKxufCKew","https:\/\/www.linkedin.com\/company\/lemmetravel-com"]},{"@type":"WebPage","@id":"https:\/\/www.lemmetravel.com\/tr\/sorumluluk-reddi\/#webpage","url":"https:\/\/www.lemmetravel.com\/tr\/sorumluluk-reddi\/","name":"Disclaimer","inLanguage":"tr-TR","isPartOf":{"@id":"https:\/\/www.lemmetravel.com\/tr\/#website"},"breadcrumb":{"@id":"https:\/\/www.lemmetravel.com\/tr\/sorumluluk-reddi\/#breadcrumblist"},"datePublished":"2025-06-30T13:01:44+00:00","dateModified":"2025-08-10T20:25:05+00:00"},{"@type":"WebSite","@id":"https:\/\/www.lemmetravel.com\/tr\/#website","url":"https:\/\/www.lemmetravel.com\/tr\/","name":"LEMMETravel.com\u00ae","alternateName":"The Largest website for Hotels and Flights booking","description":"Book Hotels, Flights, Cars & Tours Online","inLanguage":"tr-TR","publisher":{"@id":"https:\/\/www.lemmetravel.com\/tr\/#organization"}}]},"og:locale":"tr_TR","og:site_name":"LEMMETravel.com\u00ae | Book Hotels, Flights, Cars &amp; Tours Online","og:type":"article","og:title":"Disclaimer","og:url":"https:\/\/www.lemmetravel.com\/tr\/sorumluluk-reddi\/","og:image":"https:\/\/www.lemmetravel.com\/wp-content\/uploads\/2025\/06\/i-40.webp","og:image:secure_url":"https:\/\/www.lemmetravel.com\/wp-content\/uploads\/2025\/06\/i-40.webp","og:image:width":249,"og:image:height":320,"article:published_time":"2025-06-30T13:01:44+00:00","article:modified_time":"2025-08-10T20:25:05+00:00","article:publisher":"https:\/\/facebook.com\/lemetravel","twitter:card":"summary_large_image","twitter:site":"@lemetravel","twitter:title":"Disclaimer","twitter:creator":"@lemetravel","twitter:image":"https:\/\/www.lemmetravel.com\/wp-content\/uploads\/2025\/06\/i-40.webp"},"aioseo_meta_data":{"post_id":"8931","title":null,"description":null,"keywords":null,"keyphrases":{"focus":{"keyphrase":"","score":0,"analysis":{"keyphraseInTitle":{"score":0,"maxScore":9,"error":1}}},"additional":[]},"primary_term":null,"canonical_url":null,"og_title":null,"og_description":null,"og_object_type":"default","og_image_type":"default","og_image_url":null,"og_image_width":null,"og_image_height":null,"og_image_custom_url":null,"og_image_custom_fields":null,"og_video":"","og_custom_url":null,"og_article_section":null,"og_article_tags":null,"twitter_use_og":false,"twitter_card":"default","twitter_image_type":"default","twitter_image_url":null,"twitter_image_custom_url":null,"twitter_image_custom_fields":null,"twitter_title":null,"twitter_description":null,"schema":{"blockGraphs":[],"customGraphs":[],"default":{"data":{"Article":[],"Course":[],"Dataset":[],"FAQPage":[],"Movie":[],"Person":[],"Product":[],"ProductReview":[],"Car":[],"Recipe":[],"Service":[],"SoftwareApplication":[],"WebPage":[]},"graphName":"WebPage","isEnabled":true},"graphs":[]},"schema_type":"default","schema_type_options":null,"pillar_content":false,"robots_default":false,"robots_noindex":true,"robots_noarchive":true,"robots_nosnippet":true,"robots_nofollow":true,"robots_noimageindex":true,"robots_noodp":true,"robots_notranslate":false,"robots_max_snippet":"-1","robots_max_videopreview":"-1","robots_max_imagepreview":"large","priority":null,"frequency":"default","local_seo":null,"seo_analyzer_scan_date":"2025-08-18 18:09:46","breadcrumb_settings":null,"limit_modified_date":false,"reviewed_by":"0","open_ai":null,"ai":{"faqs":[],"keyPoints":[],"titles":[],"descriptions":[],"socialPosts":{"email":[],"linkedin":[],"twitter":[],"facebook":[],"instagram":[]}},"created":"2025-07-07 11:17:05","updated":"2025-08-18 18:09:46"},"aioseo_breadcrumb":"<div class=\"aioseo-breadcrumbs\"><span class=\"aioseo-breadcrumb\">\n\t<a href=\"https:\/\/www.lemmetravel.com\/tr\" title=\"Home\">Home<\/a>\n<\/span><span class=\"aioseo-breadcrumb-separator\">|<\/span><span class=\"aioseo-breadcrumb\">\n\tDisclaimer\n<\/span><\/div>","aioseo_breadcrumb_json":[{"label":"Home","link":"https:\/\/www.lemmetravel.com\/tr"},{"label":"Disclaimer","link":"https:\/\/www.lemmetravel.com\/tr\/sorumluluk-reddi\/"}],"_links":{"self":[{"href":"https:\/\/www.lemmetravel.com\/tr\/wp-json\/wp\/v2\/pages\/8931","targetHints":{"allow":["GET"]}}],"collection":[{"href":"https:\/\/www.lemmetravel.com\/tr\/wp-json\/wp\/v2\/pages"}],"about":[{"href":"https:\/\/www.lemmetravel.com\/tr\/wp-json\/wp\/v2\/types\/page"}],"author":[{"embeddable":true,"href":"https:\/\/www.lemmetravel.com\/tr\/wp-json\/wp\/v2\/users\/1"}],"replies":[{"embeddable":true,"href":"https:\/\/www.lemmetravel.com\/tr\/wp-json\/wp\/v2\/comments?post=8931"}],"version-history":[{"count":1,"href":"https:\/\/www.lemmetravel.com\/tr\/wp-json\/wp\/v2\/pages\/8931\/revisions"}],"predecessor-version":[{"id":9389,"href":"https:\/\/www.lemmetravel.com\/tr\/wp-json\/wp\/v2\/pages\/8931\/revisions\/9389"}],"wp:attachment":[{"href":"https:\/\/www.lemmetravel.com\/tr\/wp-json\/wp\/v2\/media?parent=8931"}],"curies":[{"name":"wp","href":"https:\/\/api.w.org\/{rel}","templated":true}]}}