{"id":8931,"date":"2025-06-30T13:01:44","date_gmt":"2025-06-30T13:01:44","guid":{"rendered":"https:\/\/lemmetravel.com\/disclaimer\/"},"modified":"2025-08-10T20:25:05","modified_gmt":"2025-08-10T20:25:05","slug":"disclaimer","status":"publish","type":"page","link":"https:\/\/www.lemmetravel.com\/pt\/isencao-de-responsabilidade\/","title":{"rendered":"Isen\u00e7\u00e3o de responsabilidade"},"content":{"rendered":"<!-- Legal document generated by Complianz | GDPR\/CCPA Cookie Consent https:\/\/wordpress.org\/plugins\/complianz-gdpr -->\n<div id=\"cmplz-document\" class=\"cmplz-document disclaimer cmplz-document-all\"><p>LEMME TRAVEL - FZCO tem o compromisso de manter este site atualizado e preciso. Se, no entanto, encontrar algo que esteja incorreto ou desatualizado, agradecer\u00edamos nos informar. Indique onde leu as informa\u00e7\u00f5es no site. Em seguida, examinaremos o mais r\u00e1pido poss\u00edvel. Envie sua resposta por e-mail para: <span class=\"cmplz-obfuscate\">s&#117;p&#112;ort@<span class=\"cmplz-fmail-domain\">ex.com<\/span>&#108;em&#109;etra&#118;&#101;l&#046;com<\/span>.<\/p><p>N\u00e3o nos responsabilizamos por perdas resultantes de imprecis\u00f5es ou informa\u00e7\u00f5es incompletas, nem por perdas causadas por ou inerentes \u00e0 divulga\u00e7\u00e3o de informa\u00e7\u00f5es pela internet, como perturba\u00e7\u00f5es ou interrup\u00e7\u00f5es. Ao usar formul\u00e1rios da web, nos esfor\u00e7amos para limitar ao m\u00ednimo o n\u00famero de campos obrigat\u00f3rios. Por qualquer perda sofrida como resultado do uso de dados, conselhos ou ideias fornecidas por ou em nome da LEMME TRAVEL - FZCO atrav\u00e9s deste site, a LEMME TRAVEL - FZCO n\u00e3o se responsabiliza.<\/p><p>O uso do site e de todos os seus componentes (incluindo f\u00f3runs) est\u00e1 sujeito aos <a href=\"https:\/\/www.lemmetravel.com\/pt\/termos-e-condicoes\/\" target=\"_blank\">termos de uso<\/a>. A simples utiliza\u00e7\u00e3o deste site n\u00e3o implica conhecimento e permite estes termos de uso.<\/p><p>Todos os direitos de propriedade intelectual do conte\u00fado deste site pertencem \u00e0 LEMME TRAVEL - FZCO.<\/p><p>A c\u00f3pia, propaga\u00e7\u00e3o e qualquer outro uso desses materiais n\u00e3o s\u00e3o permitidos sem a permiss\u00e3o por escrito da LEMME TRAVEL - FZCO, exceto e apenas na medida em que estipulado de outra forma nos regulamentos da lei obrigat\u00f3ria (como o direito de citar), a menos que o conte\u00fado espec\u00edfico dite o contr\u00e1rio.<\/p><p>Se voc\u00ea tiver d\u00favidas ou problemas com a acessibilidade do site, n\u00e3o hesite em nos contatar.<\/p><\/div>","protected":false},"excerpt":{"rendered":"","protected":false},"author":1,"featured_media":0,"parent":0,"menu_order":0,"comment_status":"closed","ping_status":"closed","template":"","meta":{"footnotes":""},"class_list":["post-8931","page","type-page","status-publish","hentry"],"aioseo_notices":[],"acf":[],"aioseo_head":"\n\t\t<!-- All in One SEO Pro 4.9.5.1 - aioseo.com -->\n\t<meta name=\"robots\" content=\"noindex, nofollow, noarchive, nosnippet, noimageindex, noodp, max-video-preview:-1\" \/>\n\t<link rel=\"canonical\" href=\"https:\/\/www.lemmetravel.com\/pt\/isencao-de-responsabilidade\/\" \/>\n\t<meta name=\"generator\" content=\"All in One SEO Pro (AIOSEO) 4.9.5.1\" \/>\n\t\t<meta property=\"og:locale\" content=\"pt_PT\" \/>\n\t\t<meta property=\"og:site_name\" content=\"LEMMETravel.com\u00ae | Book Hotels, Flights, Cars &amp; Tours Online\" \/>\n\t\t<meta property=\"og:type\" content=\"article\" \/>\n\t\t<meta property=\"og:title\" content=\"Disclaimer\" \/>\n\t\t<meta property=\"og:url\" content=\"https:\/\/www.lemmetravel.com\/pt\/isencao-de-responsabilidade\/\" \/>\n\t\t<meta property=\"og:image\" content=\"https:\/\/www.lemmetravel.com\/wp-content\/uploads\/2025\/06\/i-40.webp\" \/>\n\t\t<meta property=\"og:image:secure_url\" content=\"https:\/\/www.lemmetravel.com\/wp-content\/uploads\/2025\/06\/i-40.webp\" \/>\n\t\t<meta property=\"og:image:width\" content=\"249\" \/>\n\t\t<meta property=\"og:image:height\" content=\"320\" \/>\n\t\t<meta property=\"article:published_time\" content=\"2025-06-30T13:01:44+00:00\" \/>\n\t\t<meta property=\"article:modified_time\" content=\"2025-08-10T20:25:05+00:00\" \/>\n\t\t<meta property=\"article:publisher\" content=\"https:\/\/facebook.com\/lemetravel\" \/>\n\t\t<meta name=\"twitter:card\" content=\"summary_large_image\" \/>\n\t\t<meta name=\"twitter:site\" content=\"@lemetravel\" \/>\n\t\t<meta name=\"twitter:title\" content=\"Disclaimer\" \/>\n\t\t<meta name=\"twitter:creator\" content=\"@lemetravel\" \/>\n\t\t<meta name=\"twitter:image\" content=\"https:\/\/www.lemmetravel.com\/wp-content\/uploads\/2025\/06\/i-40.webp\" \/>\n\t\t<script type=\"application\/ld+json\" class=\"aioseo-schema\">\n\t\t\t{\"@context\":\"https:\\\/\\\/schema.org\",\"@graph\":[{\"@type\":\"BreadcrumbList\",\"@id\":\"https:\\\/\\\/www.lemmetravel.com\\\/pt\\\/isencao-de-responsabilidade\\\/#breadcrumblist\",\"itemListElement\":[{\"@type\":\"ListItem\",\"@id\":\"https:\\\/\\\/www.lemmetravel.com\\\/pt#listItem\",\"position\":1,\"name\":\"Home\",\"item\":\"https:\\\/\\\/www.lemmetravel.com\\\/pt\",\"nextItem\":{\"@type\":\"ListItem\",\"@id\":\"https:\\\/\\\/www.lemmetravel.com\\\/pt\\\/isencao-de-responsabilidade\\\/#listItem\",\"name\":\"Disclaimer\"}},{\"@type\":\"ListItem\",\"@id\":\"https:\\\/\\\/www.lemmetravel.com\\\/pt\\\/isencao-de-responsabilidade\\\/#listItem\",\"position\":2,\"name\":\"Disclaimer\",\"previousItem\":{\"@type\":\"ListItem\",\"@id\":\"https:\\\/\\\/www.lemmetravel.com\\\/pt#listItem\",\"name\":\"Home\"}}]},{\"@type\":\"Organization\",\"@id\":\"https:\\\/\\\/www.lemmetravel.com\\\/pt\\\/#organization\",\"name\":\"LEMMETravel.com\\u00ae\",\"description\":\"LEMMETravel.com is your all-in-one online booking platform for hotels, flights, car rentals, and tours worldwide. Compare prices, book instantly, and enjoy seamless travel planning with competitive deals and trusted partners.\",\"url\":\"https:\\\/\\\/www.lemmetravel.com\\\/pt\\\/\",\"email\":\"support@lemmetravel.com\",\"telephone\":\"+971525234064\",\"foundingDate\":\"2016-07-01\",\"numberOfEmployees\":{\"@type\":\"QuantitativeValue\",\"minValue\":0,\"maxValue\":20},\"logo\":{\"@type\":\"ImageObject\",\"url\":\"https:\\\/\\\/www.lemmetravel.com\\\/wp-content\\\/uploads\\\/2025\\\/07\\\/Untitled-design-85.jpg\",\"@id\":\"https:\\\/\\\/www.lemmetravel.com\\\/pt\\\/isencao-de-responsabilidade\\\/#organizationLogo\",\"width\":112,\"height\":112,\"caption\":\"LEMMETravel.com\"},\"image\":{\"@id\":\"https:\\\/\\\/www.lemmetravel.com\\\/pt\\\/isencao-de-responsabilidade\\\/#organizationLogo\"},\"sameAs\":[\"https:\\\/\\\/facebook.com\\\/lemetravel\",\"https:\\\/\\\/x.com\\\/lemetravel\",\"https:\\\/\\\/www.instagram.com\\\/lemetravel\\\/\",\"https:\\\/\\\/www.tiktok.com\\\/@lemmetravel\",\"https:\\\/\\\/www.pinterest.com\\\/officiallemmetravel\\\/\",\"https:\\\/\\\/www.youtube.com\\\/channel\\\/UCQfiu3Cz99bkm5iKxufCKew\",\"https:\\\/\\\/www.linkedin.com\\\/company\\\/lemmetravel-com\"]},{\"@type\":\"WebPage\",\"@id\":\"https:\\\/\\\/www.lemmetravel.com\\\/pt\\\/isencao-de-responsabilidade\\\/#webpage\",\"url\":\"https:\\\/\\\/www.lemmetravel.com\\\/pt\\\/isencao-de-responsabilidade\\\/\",\"name\":\"Disclaimer\",\"inLanguage\":\"pt-PT\",\"isPartOf\":{\"@id\":\"https:\\\/\\\/www.lemmetravel.com\\\/pt\\\/#website\"},\"breadcrumb\":{\"@id\":\"https:\\\/\\\/www.lemmetravel.com\\\/pt\\\/isencao-de-responsabilidade\\\/#breadcrumblist\"},\"datePublished\":\"2025-06-30T13:01:44+00:00\",\"dateModified\":\"2025-08-10T20:25:05+00:00\"},{\"@type\":\"WebSite\",\"@id\":\"https:\\\/\\\/www.lemmetravel.com\\\/pt\\\/#website\",\"url\":\"https:\\\/\\\/www.lemmetravel.com\\\/pt\\\/\",\"name\":\"LEMMETravel.com\\u00ae\",\"alternateName\":\"The Largest website for Hotels and Flights booking\",\"description\":\"Book Hotels, Flights, Cars & Tours Online\",\"inLanguage\":\"pt-PT\",\"publisher\":{\"@id\":\"https:\\\/\\\/www.lemmetravel.com\\\/pt\\\/#organization\"}}]}\n\t\t<\/script>\n\t\t<!-- All in One SEO Pro -->\r\n\t\t<title>Disclaimer<\/title>\n\n","aioseo_head_json":{"title":"Disclaimer","description":"","canonical_url":"https:\/\/www.lemmetravel.com\/pt\/isencao-de-responsabilidade\/","robots":"noindex, nofollow, noarchive, nosnippet, noimageindex, noodp, max-video-preview:-1","keywords":"","webmasterTools":{"miscellaneous":""},"schema":{"@context":"https:\/\/schema.org","@graph":[{"@type":"BreadcrumbList","@id":"https:\/\/www.lemmetravel.com\/pt\/isencao-de-responsabilidade\/#breadcrumblist","itemListElement":[{"@type":"ListItem","@id":"https:\/\/www.lemmetravel.com\/pt#listItem","position":1,"name":"Home","item":"https:\/\/www.lemmetravel.com\/pt","nextItem":{"@type":"ListItem","@id":"https:\/\/www.lemmetravel.com\/pt\/isencao-de-responsabilidade\/#listItem","name":"Disclaimer"}},{"@type":"ListItem","@id":"https:\/\/www.lemmetravel.com\/pt\/isencao-de-responsabilidade\/#listItem","position":2,"name":"Disclaimer","previousItem":{"@type":"ListItem","@id":"https:\/\/www.lemmetravel.com\/pt#listItem","name":"Home"}}]},{"@type":"Organization","@id":"https:\/\/www.lemmetravel.com\/pt\/#organization","name":"LEMMETravel.com\u00ae","description":"LEMMETravel.com is your all-in-one online booking platform for hotels, flights, car rentals, and tours worldwide. Compare prices, book instantly, and enjoy seamless travel planning with competitive deals and trusted partners.","url":"https:\/\/www.lemmetravel.com\/pt\/","email":"support@lemmetravel.com","telephone":"+971525234064","foundingDate":"2016-07-01","numberOfEmployees":{"@type":"QuantitativeValue","minValue":0,"maxValue":20},"logo":{"@type":"ImageObject","url":"https:\/\/www.lemmetravel.com\/wp-content\/uploads\/2025\/07\/Untitled-design-85.jpg","@id":"https:\/\/www.lemmetravel.com\/pt\/isencao-de-responsabilidade\/#organizationLogo","width":112,"height":112,"caption":"LEMMETravel.com"},"image":{"@id":"https:\/\/www.lemmetravel.com\/pt\/isencao-de-responsabilidade\/#organizationLogo"},"sameAs":["https:\/\/facebook.com\/lemetravel","https:\/\/x.com\/lemetravel","https:\/\/www.instagram.com\/lemetravel\/","https:\/\/www.tiktok.com\/@lemmetravel","https:\/\/www.pinterest.com\/officiallemmetravel\/","https:\/\/www.youtube.com\/channel\/UCQfiu3Cz99bkm5iKxufCKew","https:\/\/www.linkedin.com\/company\/lemmetravel-com"]},{"@type":"WebPage","@id":"https:\/\/www.lemmetravel.com\/pt\/isencao-de-responsabilidade\/#webpage","url":"https:\/\/www.lemmetravel.com\/pt\/isencao-de-responsabilidade\/","name":"Disclaimer","inLanguage":"pt-PT","isPartOf":{"@id":"https:\/\/www.lemmetravel.com\/pt\/#website"},"breadcrumb":{"@id":"https:\/\/www.lemmetravel.com\/pt\/isencao-de-responsabilidade\/#breadcrumblist"},"datePublished":"2025-06-30T13:01:44+00:00","dateModified":"2025-08-10T20:25:05+00:00"},{"@type":"WebSite","@id":"https:\/\/www.lemmetravel.com\/pt\/#website","url":"https:\/\/www.lemmetravel.com\/pt\/","name":"LEMMETravel.com\u00ae","alternateName":"The Largest website for Hotels and Flights booking","description":"Book Hotels, Flights, Cars & Tours Online","inLanguage":"pt-PT","publisher":{"@id":"https:\/\/www.lemmetravel.com\/pt\/#organization"}}]},"og:locale":"pt_PT","og:site_name":"LEMMETravel.com\u00ae | Book Hotels, Flights, Cars &amp; Tours Online","og:type":"article","og:title":"Disclaimer","og:url":"https:\/\/www.lemmetravel.com\/pt\/isencao-de-responsabilidade\/","og:image":"https:\/\/www.lemmetravel.com\/wp-content\/uploads\/2025\/06\/i-40.webp","og:image:secure_url":"https:\/\/www.lemmetravel.com\/wp-content\/uploads\/2025\/06\/i-40.webp","og:image:width":249,"og:image:height":320,"article:published_time":"2025-06-30T13:01:44+00:00","article:modified_time":"2025-08-10T20:25:05+00:00","article:publisher":"https:\/\/facebook.com\/lemetravel","twitter:card":"summary_large_image","twitter:site":"@lemetravel","twitter:title":"Disclaimer","twitter:creator":"@lemetravel","twitter:image":"https:\/\/www.lemmetravel.com\/wp-content\/uploads\/2025\/06\/i-40.webp"},"aioseo_meta_data":{"post_id":"8931","title":null,"description":null,"keywords":null,"keyphrases":{"focus":{"keyphrase":"","score":0,"analysis":{"keyphraseInTitle":{"score":0,"maxScore":9,"error":1}}},"additional":[]},"primary_term":null,"canonical_url":null,"og_title":null,"og_description":null,"og_object_type":"default","og_image_type":"default","og_image_url":null,"og_image_width":null,"og_image_height":null,"og_image_custom_url":null,"og_image_custom_fields":null,"og_video":"","og_custom_url":null,"og_article_section":null,"og_article_tags":null,"twitter_use_og":false,"twitter_card":"default","twitter_image_type":"default","twitter_image_url":null,"twitter_image_custom_url":null,"twitter_image_custom_fields":null,"twitter_title":null,"twitter_description":null,"schema":{"blockGraphs":[],"customGraphs":[],"default":{"data":{"Article":[],"Course":[],"Dataset":[],"FAQPage":[],"Movie":[],"Person":[],"Product":[],"ProductReview":[],"Car":[],"Recipe":[],"Service":[],"SoftwareApplication":[],"WebPage":[]},"graphName":"WebPage","isEnabled":true},"graphs":[]},"schema_type":"default","schema_type_options":null,"pillar_content":false,"robots_default":false,"robots_noindex":true,"robots_noarchive":true,"robots_nosnippet":true,"robots_nofollow":true,"robots_noimageindex":true,"robots_noodp":true,"robots_notranslate":false,"robots_max_snippet":"-1","robots_max_videopreview":"-1","robots_max_imagepreview":"large","priority":null,"frequency":"default","local_seo":null,"seo_analyzer_scan_date":"2025-08-18 18:09:46","breadcrumb_settings":null,"limit_modified_date":false,"reviewed_by":"0","open_ai":null,"ai":{"faqs":[],"keyPoints":[],"titles":[],"descriptions":[],"socialPosts":{"email":[],"linkedin":[],"twitter":[],"facebook":[],"instagram":[]}},"created":"2025-07-07 11:17:05","updated":"2025-08-18 18:09:46"},"aioseo_breadcrumb":"<div class=\"aioseo-breadcrumbs\"><span class=\"aioseo-breadcrumb\">\n\t<a href=\"https:\/\/www.lemmetravel.com\/pt\" title=\"Home\">Home<\/a>\n<\/span><span class=\"aioseo-breadcrumb-separator\">|<\/span><span class=\"aioseo-breadcrumb\">\n\tDisclaimer\n<\/span><\/div>","aioseo_breadcrumb_json":[{"label":"Home","link":"https:\/\/www.lemmetravel.com\/pt"},{"label":"Disclaimer","link":"https:\/\/www.lemmetravel.com\/pt\/isencao-de-responsabilidade\/"}],"_links":{"self":[{"href":"https:\/\/www.lemmetravel.com\/pt\/wp-json\/wp\/v2\/pages\/8931","targetHints":{"allow":["GET"]}}],"collection":[{"href":"https:\/\/www.lemmetravel.com\/pt\/wp-json\/wp\/v2\/pages"}],"about":[{"href":"https:\/\/www.lemmetravel.com\/pt\/wp-json\/wp\/v2\/types\/page"}],"author":[{"embeddable":true,"href":"https:\/\/www.lemmetravel.com\/pt\/wp-json\/wp\/v2\/users\/1"}],"replies":[{"embeddable":true,"href":"https:\/\/www.lemmetravel.com\/pt\/wp-json\/wp\/v2\/comments?post=8931"}],"version-history":[{"count":1,"href":"https:\/\/www.lemmetravel.com\/pt\/wp-json\/wp\/v2\/pages\/8931\/revisions"}],"predecessor-version":[{"id":9389,"href":"https:\/\/www.lemmetravel.com\/pt\/wp-json\/wp\/v2\/pages\/8931\/revisions\/9389"}],"wp:attachment":[{"href":"https:\/\/www.lemmetravel.com\/pt\/wp-json\/wp\/v2\/media?parent=8931"}],"curies":[{"name":"wp","href":"https:\/\/api.w.org\/{rel}","templated":true}]}}