{"id":8931,"date":"2025-06-30T13:01:44","date_gmt":"2025-06-30T13:01:44","guid":{"rendered":"https:\/\/lemmetravel.com\/disclaimer\/"},"modified":"2025-08-10T20:25:05","modified_gmt":"2025-08-10T20:25:05","slug":"disclaimer","status":"publish","type":"page","link":"https:\/\/www.lemmetravel.com\/fr\/disclaimer\/","title":{"rendered":"Disclaimer"},"content":{"rendered":"<!-- Legal document generated by Complianz | GDPR\/CCPA Cookie Consent https:\/\/wordpress.org\/plugins\/complianz-gdpr -->\n<div id=\"cmplz-document\" class=\"cmplz-document disclaimer cmplz-document-all\"><p>LEMME TRAVEL - FZCO s\u2019engage \u00e0 maintenir ce site web \u00e0 jour en temps et en heure. Si toutefois vous rencontriez un probl\u00e8me ou des donn\u00e9es obsol\u00e8te, nous vous serions reconnaissants de nous le faire savoir. Veuillez indiquer o\u00f9 sur le site web vous lisez les informations incorrectes. Nous examinerons cela d\u00e8s que possible. Veuillez envoyer votre r\u00e9ponse par e-mail \u00e0: <span class=\"cmplz-obfuscate\">soutien@<span class=\"cmplz-fmail-domain\">&#101;x.com<\/span>l&#101;m&#109;e&#116;&#114;a&#118;&#101;l&#046;com<\/span>.<\/p><p>Nous ne sommes pas responsables des pertes r\u00e9sultant d\u2019inexactitudes ou de lacunes, ni des pertes r\u00e9sultant de probl\u00e8mes caus\u00e9s par ou inh\u00e9rents \u00e0 la diffusion d\u2019informations par Internet, tels que des perturbations ou des interruptions. Lors de l\u2019utilisation de formulaires Web, nous nous effor\u00e7ons de limiter le nombre de champs obligatoires au minimum. Pour toute perte subie \u00e0 la suite de l\u2019utilisation de donn\u00e9es, de conseils ou d\u2019id\u00e9es fournis par ou au nom de LEMME TRAVEL - FZCO via ce site web, LEMME TRAVEL - FZCO n\u2019assume aucune responsabilit\u00e9.<\/p><p>L\u2019utilisation du site web et de tous ses composants (y compris les forums) est soumise aux <a href=\"https:\/\/www.lemmetravel.com\/fr\/conditions-generales\/\" target=\"_blank\">conditions d\u2019utilisation<\/a>. La simple utilisation de ce site Web implique la connaissance et l\u2019acceptation des pr\u00e9sentes conditions d\u2019utilisation.<\/p><p>Tous les droits de propri\u00e9t\u00e9 intellectuelle sur le contenu de ce site web sont la propri\u00e9t\u00e9 de LEMME TRAVEL - FZCO.<\/p><p>La copie, la diffusion et toute autre utilisation de ces documents sont interdites sans l\u2019autorisation \u00e9crite de LEMME TRAVEL - FZCO , sauf si et dans la mesure o\u00f9 le stipule une r\u00e9glementation imp\u00e9rative (telle que le droit de citer), sauf indication contraire du contenu.<\/p><p>Si vous avez des questions ou des probl\u00e8mes d\u2019accessibilit\u00e9 du site, n\u2019h\u00e9sitez pas \u00e0 nous contacter.<\/p><\/div>","protected":false},"excerpt":{"rendered":"","protected":false},"author":1,"featured_media":0,"parent":0,"menu_order":0,"comment_status":"closed","ping_status":"closed","template":"","meta":{"footnotes":""},"class_list":["post-8931","page","type-page","status-publish","hentry"],"aioseo_notices":[],"acf":[],"aioseo_head":"\n\t\t<!-- All in One SEO Pro 4.9.5.1 - aioseo.com -->\n\t<meta name=\"robots\" content=\"noindex, nofollow, noarchive, nosnippet, noimageindex, noodp, max-video-preview:-1\" \/>\n\t<link rel=\"canonical\" href=\"https:\/\/www.lemmetravel.com\/fr\/disclaimer\/\" \/>\n\t<meta name=\"generator\" content=\"All in One SEO Pro (AIOSEO) 4.9.5.1\" \/>\n\t\t<meta property=\"og:locale\" content=\"fr_FR\" \/>\n\t\t<meta property=\"og:site_name\" content=\"LEMMETravel.com\u00ae | Book Hotels, Flights, Cars &amp; Tours Online\" \/>\n\t\t<meta property=\"og:type\" content=\"article\" \/>\n\t\t<meta property=\"og:title\" content=\"Disclaimer\" \/>\n\t\t<meta property=\"og:url\" content=\"https:\/\/www.lemmetravel.com\/fr\/disclaimer\/\" \/>\n\t\t<meta property=\"og:image\" content=\"https:\/\/www.lemmetravel.com\/wp-content\/uploads\/2025\/06\/i-40.webp\" \/>\n\t\t<meta property=\"og:image:secure_url\" content=\"https:\/\/www.lemmetravel.com\/wp-content\/uploads\/2025\/06\/i-40.webp\" \/>\n\t\t<meta property=\"og:image:width\" content=\"249\" \/>\n\t\t<meta property=\"og:image:height\" content=\"320\" \/>\n\t\t<meta property=\"article:published_time\" content=\"2025-06-30T13:01:44+00:00\" \/>\n\t\t<meta property=\"article:modified_time\" content=\"2025-08-10T20:25:05+00:00\" \/>\n\t\t<meta property=\"article:publisher\" content=\"https:\/\/facebook.com\/lemetravel\" \/>\n\t\t<meta name=\"twitter:card\" content=\"summary_large_image\" \/>\n\t\t<meta name=\"twitter:site\" content=\"@lemetravel\" \/>\n\t\t<meta name=\"twitter:title\" content=\"Disclaimer\" \/>\n\t\t<meta name=\"twitter:creator\" content=\"@lemetravel\" \/>\n\t\t<meta name=\"twitter:image\" content=\"https:\/\/www.lemmetravel.com\/wp-content\/uploads\/2025\/06\/i-40.webp\" \/>\n\t\t<script type=\"application\/ld+json\" class=\"aioseo-schema\">\n\t\t\t{\"@context\":\"https:\\\/\\\/schema.org\",\"@graph\":[{\"@type\":\"BreadcrumbList\",\"@id\":\"https:\\\/\\\/www.lemmetravel.com\\\/fr\\\/disclaimer\\\/#breadcrumblist\",\"itemListElement\":[{\"@type\":\"ListItem\",\"@id\":\"https:\\\/\\\/www.lemmetravel.com\\\/fr#listItem\",\"position\":1,\"name\":\"Home\",\"item\":\"https:\\\/\\\/www.lemmetravel.com\\\/fr\",\"nextItem\":{\"@type\":\"ListItem\",\"@id\":\"https:\\\/\\\/www.lemmetravel.com\\\/fr\\\/disclaimer\\\/#listItem\",\"name\":\"Disclaimer\"}},{\"@type\":\"ListItem\",\"@id\":\"https:\\\/\\\/www.lemmetravel.com\\\/fr\\\/disclaimer\\\/#listItem\",\"position\":2,\"name\":\"Disclaimer\",\"previousItem\":{\"@type\":\"ListItem\",\"@id\":\"https:\\\/\\\/www.lemmetravel.com\\\/fr#listItem\",\"name\":\"Home\"}}]},{\"@type\":\"Organization\",\"@id\":\"https:\\\/\\\/www.lemmetravel.com\\\/fr\\\/#organization\",\"name\":\"LEMMETravel.com\\u00ae\",\"description\":\"LEMMETravel.com is your all-in-one online booking platform for hotels, flights, car rentals, and tours worldwide. Compare prices, book instantly, and enjoy seamless travel planning with competitive deals and trusted partners.\",\"url\":\"https:\\\/\\\/www.lemmetravel.com\\\/fr\\\/\",\"email\":\"support@lemmetravel.com\",\"telephone\":\"+971525234064\",\"foundingDate\":\"2016-07-01\",\"numberOfEmployees\":{\"@type\":\"QuantitativeValue\",\"minValue\":0,\"maxValue\":20},\"logo\":{\"@type\":\"ImageObject\",\"url\":\"https:\\\/\\\/www.lemmetravel.com\\\/wp-content\\\/uploads\\\/2025\\\/07\\\/Untitled-design-85.jpg\",\"@id\":\"https:\\\/\\\/www.lemmetravel.com\\\/fr\\\/disclaimer\\\/#organizationLogo\",\"width\":112,\"height\":112,\"caption\":\"LEMMETravel.com\"},\"image\":{\"@id\":\"https:\\\/\\\/www.lemmetravel.com\\\/fr\\\/disclaimer\\\/#organizationLogo\"},\"sameAs\":[\"https:\\\/\\\/facebook.com\\\/lemetravel\",\"https:\\\/\\\/x.com\\\/lemetravel\",\"https:\\\/\\\/www.instagram.com\\\/lemetravel\\\/\",\"https:\\\/\\\/www.tiktok.com\\\/@lemmetravel\",\"https:\\\/\\\/www.pinterest.com\\\/officiallemmetravel\\\/\",\"https:\\\/\\\/www.youtube.com\\\/channel\\\/UCQfiu3Cz99bkm5iKxufCKew\",\"https:\\\/\\\/www.linkedin.com\\\/company\\\/lemmetravel-com\"]},{\"@type\":\"WebPage\",\"@id\":\"https:\\\/\\\/www.lemmetravel.com\\\/fr\\\/disclaimer\\\/#webpage\",\"url\":\"https:\\\/\\\/www.lemmetravel.com\\\/fr\\\/disclaimer\\\/\",\"name\":\"Disclaimer\",\"inLanguage\":\"fr-FR\",\"isPartOf\":{\"@id\":\"https:\\\/\\\/www.lemmetravel.com\\\/fr\\\/#website\"},\"breadcrumb\":{\"@id\":\"https:\\\/\\\/www.lemmetravel.com\\\/fr\\\/disclaimer\\\/#breadcrumblist\"},\"datePublished\":\"2025-06-30T13:01:44+00:00\",\"dateModified\":\"2025-08-10T20:25:05+00:00\"},{\"@type\":\"WebSite\",\"@id\":\"https:\\\/\\\/www.lemmetravel.com\\\/fr\\\/#website\",\"url\":\"https:\\\/\\\/www.lemmetravel.com\\\/fr\\\/\",\"name\":\"LEMMETravel.com\\u00ae\",\"alternateName\":\"The Largest website for Hotels and Flights booking\",\"description\":\"Book Hotels, Flights, Cars & Tours Online\",\"inLanguage\":\"fr-FR\",\"publisher\":{\"@id\":\"https:\\\/\\\/www.lemmetravel.com\\\/fr\\\/#organization\"}}]}\n\t\t<\/script>\n\t\t<!-- All in One SEO Pro -->\r\n\t\t<title>Disclaimer<\/title>\n\n","aioseo_head_json":{"title":"Disclaimer","description":"","canonical_url":"https:\/\/www.lemmetravel.com\/fr\/disclaimer\/","robots":"noindex, nofollow, noarchive, nosnippet, noimageindex, noodp, max-video-preview:-1","keywords":"","webmasterTools":{"miscellaneous":""},"schema":{"@context":"https:\/\/schema.org","@graph":[{"@type":"BreadcrumbList","@id":"https:\/\/www.lemmetravel.com\/fr\/disclaimer\/#breadcrumblist","itemListElement":[{"@type":"ListItem","@id":"https:\/\/www.lemmetravel.com\/fr#listItem","position":1,"name":"Home","item":"https:\/\/www.lemmetravel.com\/fr","nextItem":{"@type":"ListItem","@id":"https:\/\/www.lemmetravel.com\/fr\/disclaimer\/#listItem","name":"Disclaimer"}},{"@type":"ListItem","@id":"https:\/\/www.lemmetravel.com\/fr\/disclaimer\/#listItem","position":2,"name":"Disclaimer","previousItem":{"@type":"ListItem","@id":"https:\/\/www.lemmetravel.com\/fr#listItem","name":"Home"}}]},{"@type":"Organization","@id":"https:\/\/www.lemmetravel.com\/fr\/#organization","name":"LEMMETravel.com\u00ae","description":"LEMMETravel.com is your all-in-one online booking platform for hotels, flights, car rentals, and tours worldwide. Compare prices, book instantly, and enjoy seamless travel planning with competitive deals and trusted partners.","url":"https:\/\/www.lemmetravel.com\/fr\/","email":"support@lemmetravel.com","telephone":"+971525234064","foundingDate":"2016-07-01","numberOfEmployees":{"@type":"QuantitativeValue","minValue":0,"maxValue":20},"logo":{"@type":"ImageObject","url":"https:\/\/www.lemmetravel.com\/wp-content\/uploads\/2025\/07\/Untitled-design-85.jpg","@id":"https:\/\/www.lemmetravel.com\/fr\/disclaimer\/#organizationLogo","width":112,"height":112,"caption":"LEMMETravel.com"},"image":{"@id":"https:\/\/www.lemmetravel.com\/fr\/disclaimer\/#organizationLogo"},"sameAs":["https:\/\/facebook.com\/lemetravel","https:\/\/x.com\/lemetravel","https:\/\/www.instagram.com\/lemetravel\/","https:\/\/www.tiktok.com\/@lemmetravel","https:\/\/www.pinterest.com\/officiallemmetravel\/","https:\/\/www.youtube.com\/channel\/UCQfiu3Cz99bkm5iKxufCKew","https:\/\/www.linkedin.com\/company\/lemmetravel-com"]},{"@type":"WebPage","@id":"https:\/\/www.lemmetravel.com\/fr\/disclaimer\/#webpage","url":"https:\/\/www.lemmetravel.com\/fr\/disclaimer\/","name":"Disclaimer","inLanguage":"fr-FR","isPartOf":{"@id":"https:\/\/www.lemmetravel.com\/fr\/#website"},"breadcrumb":{"@id":"https:\/\/www.lemmetravel.com\/fr\/disclaimer\/#breadcrumblist"},"datePublished":"2025-06-30T13:01:44+00:00","dateModified":"2025-08-10T20:25:05+00:00"},{"@type":"WebSite","@id":"https:\/\/www.lemmetravel.com\/fr\/#website","url":"https:\/\/www.lemmetravel.com\/fr\/","name":"LEMMETravel.com\u00ae","alternateName":"The Largest website for Hotels and Flights booking","description":"Book Hotels, Flights, Cars & Tours Online","inLanguage":"fr-FR","publisher":{"@id":"https:\/\/www.lemmetravel.com\/fr\/#organization"}}]},"og:locale":"fr_FR","og:site_name":"LEMMETravel.com\u00ae | Book Hotels, Flights, Cars &amp; Tours Online","og:type":"article","og:title":"Disclaimer","og:url":"https:\/\/www.lemmetravel.com\/fr\/disclaimer\/","og:image":"https:\/\/www.lemmetravel.com\/wp-content\/uploads\/2025\/06\/i-40.webp","og:image:secure_url":"https:\/\/www.lemmetravel.com\/wp-content\/uploads\/2025\/06\/i-40.webp","og:image:width":249,"og:image:height":320,"article:published_time":"2025-06-30T13:01:44+00:00","article:modified_time":"2025-08-10T20:25:05+00:00","article:publisher":"https:\/\/facebook.com\/lemetravel","twitter:card":"summary_large_image","twitter:site":"@lemetravel","twitter:title":"Disclaimer","twitter:creator":"@lemetravel","twitter:image":"https:\/\/www.lemmetravel.com\/wp-content\/uploads\/2025\/06\/i-40.webp"},"aioseo_meta_data":{"post_id":"8931","title":null,"description":null,"keywords":null,"keyphrases":{"focus":{"keyphrase":"","score":0,"analysis":{"keyphraseInTitle":{"score":0,"maxScore":9,"error":1}}},"additional":[]},"primary_term":null,"canonical_url":null,"og_title":null,"og_description":null,"og_object_type":"default","og_image_type":"default","og_image_url":null,"og_image_width":null,"og_image_height":null,"og_image_custom_url":null,"og_image_custom_fields":null,"og_video":"","og_custom_url":null,"og_article_section":null,"og_article_tags":null,"twitter_use_og":false,"twitter_card":"default","twitter_image_type":"default","twitter_image_url":null,"twitter_image_custom_url":null,"twitter_image_custom_fields":null,"twitter_title":null,"twitter_description":null,"schema":{"blockGraphs":[],"customGraphs":[],"default":{"data":{"Article":[],"Course":[],"Dataset":[],"FAQPage":[],"Movie":[],"Person":[],"Product":[],"ProductReview":[],"Car":[],"Recipe":[],"Service":[],"SoftwareApplication":[],"WebPage":[]},"graphName":"WebPage","isEnabled":true},"graphs":[]},"schema_type":"default","schema_type_options":null,"pillar_content":false,"robots_default":false,"robots_noindex":true,"robots_noarchive":true,"robots_nosnippet":true,"robots_nofollow":true,"robots_noimageindex":true,"robots_noodp":true,"robots_notranslate":false,"robots_max_snippet":"-1","robots_max_videopreview":"-1","robots_max_imagepreview":"large","priority":null,"frequency":"default","local_seo":null,"seo_analyzer_scan_date":"2025-08-18 18:09:46","breadcrumb_settings":null,"limit_modified_date":false,"reviewed_by":"0","open_ai":null,"ai":{"faqs":[],"keyPoints":[],"titles":[],"descriptions":[],"socialPosts":{"email":[],"linkedin":[],"twitter":[],"facebook":[],"instagram":[]}},"created":"2025-07-07 11:17:05","updated":"2025-08-18 18:09:46"},"aioseo_breadcrumb":"<div class=\"aioseo-breadcrumbs\"><span class=\"aioseo-breadcrumb\">\n\t<a href=\"https:\/\/www.lemmetravel.com\/fr\" title=\"Home\">Home<\/a>\n<\/span><span class=\"aioseo-breadcrumb-separator\">|<\/span><span class=\"aioseo-breadcrumb\">\n\tDisclaimer\n<\/span><\/div>","aioseo_breadcrumb_json":[{"label":"Home","link":"https:\/\/www.lemmetravel.com\/fr"},{"label":"Disclaimer","link":"https:\/\/www.lemmetravel.com\/fr\/disclaimer\/"}],"_links":{"self":[{"href":"https:\/\/www.lemmetravel.com\/fr\/wp-json\/wp\/v2\/pages\/8931","targetHints":{"allow":["GET"]}}],"collection":[{"href":"https:\/\/www.lemmetravel.com\/fr\/wp-json\/wp\/v2\/pages"}],"about":[{"href":"https:\/\/www.lemmetravel.com\/fr\/wp-json\/wp\/v2\/types\/page"}],"author":[{"embeddable":true,"href":"https:\/\/www.lemmetravel.com\/fr\/wp-json\/wp\/v2\/users\/1"}],"replies":[{"embeddable":true,"href":"https:\/\/www.lemmetravel.com\/fr\/wp-json\/wp\/v2\/comments?post=8931"}],"version-history":[{"count":1,"href":"https:\/\/www.lemmetravel.com\/fr\/wp-json\/wp\/v2\/pages\/8931\/revisions"}],"predecessor-version":[{"id":9389,"href":"https:\/\/www.lemmetravel.com\/fr\/wp-json\/wp\/v2\/pages\/8931\/revisions\/9389"}],"wp:attachment":[{"href":"https:\/\/www.lemmetravel.com\/fr\/wp-json\/wp\/v2\/media?parent=8931"}],"curies":[{"name":"wp","href":"https:\/\/api.w.org\/{rel}","templated":true}]}}