{"id":8931,"date":"2025-06-30T13:01:44","date_gmt":"2025-06-30T13:01:44","guid":{"rendered":"https:\/\/lemmetravel.com\/disclaimer\/"},"modified":"2025-08-10T20:25:05","modified_gmt":"2025-08-10T20:25:05","slug":"disclaimer","status":"publish","type":"page","link":"https:\/\/www.lemmetravel.com\/es\/descargo-de-responsabilidad\/","title":{"rendered":"Descargo de responsabilidad"},"content":{"rendered":"<!-- Legal document generated by Complianz | GDPR\/CCPA Cookie Consent https:\/\/wordpress.org\/plugins\/complianz-gdpr -->\n<div id=\"cmplz-document\" class=\"cmplz-document disclaimer cmplz-document-all\"><p>LEMME TRAVEL - FZCO se compromete a mantener esta web actualizada y precisa. Si, a pesar de todo, encontrara algo incorrecto o desactualizado, le agradecer\u00edamos que nos lo hiciera saber. Por favor, indique en qu\u00e9 parte de la web ha le\u00eddo la informaci\u00f3n. La revisaremos lo antes posible. Por favor, env\u00eda tu duda por correo electr\u00f3nico a: <span class=\"cmplz-obfuscate\">&#115;&#117;&#112;po&#114;t@<span class=\"cmplz-fmail-domain\">&#101;x.&#099;&#111;m<\/span>l&#101;&#109;m&#101;t&#114;&#097;ve&#108;.com<\/span>.<\/p><p>No nos responsabilizamos de las p\u00e9rdidas derivadas de inexactitudes o datos incompletos, ni de las p\u00e9rdidas resultantes de problemas causados o propios a la difusi\u00f3n de la informaci\u00f3n a trav\u00e9s de Internet, como interrupciones o fallos. Al utilizar formularios web, nos esforzamos por limitar al m\u00ednimo el n\u00famero de campos obligatorios. Por cualquier p\u00e9rdida sufrida como resultado del uso de datos, consejos o ideas proporcionadas por LEMME TRAVEL - FZCO o en su nombre a trav\u00e9s de esta web, LEMME TRAVEL - FZCO no acepta ninguna responsabilidad.<\/p><p>El uso de la web y todos sus componentes (incluidos los foros) est\u00e1 sujeto a las <a href=\"https:\/\/www.lemmetravel.com\/es\/terminos-y-condiciones\/\" target=\"_blank\">condiciones de uso<\/a>. El mero uso de esta web implica el conocimiento y la aceptaci\u00f3n de estas condiciones de uso.<\/p><p>Todos los derechos de propiedad intelectual sobre el contenido de esta web pertenecen a LEMME TRAVEL - FZCO.<\/p><p>La copia, difusi\u00f3n y cualquier otro uso de estos materiales no est\u00e1 permitido sin el permiso escrito de LEMME TRAVEL - FZCO, excepto y s\u00f3lo en la medida en que se estipule lo contrario en los reglamentos de la ley obligatoria (como el derecho de cita), a menos que el contenido espec\u00edfico dicte lo contrario.<\/p><p>Si tiene alguna pregunta o problema con la accesibilidad de la web, no dude en ponerse en contacto con nosotros.<\/p><\/div>","protected":false},"excerpt":{"rendered":"","protected":false},"author":1,"featured_media":0,"parent":0,"menu_order":0,"comment_status":"closed","ping_status":"closed","template":"","meta":{"footnotes":""},"class_list":["post-8931","page","type-page","status-publish","hentry"],"aioseo_notices":[],"acf":[],"aioseo_head":"\n\t\t<!-- All in One SEO Pro 4.9.5.1 - aioseo.com -->\n\t<meta name=\"robots\" content=\"noindex, nofollow, noarchive, nosnippet, noimageindex, noodp, max-video-preview:-1\" \/>\n\t<link rel=\"canonical\" href=\"https:\/\/www.lemmetravel.com\/es\/descargo-de-responsabilidad\/\" \/>\n\t<meta name=\"generator\" content=\"All in One SEO Pro (AIOSEO) 4.9.5.1\" \/>\n\t\t<meta property=\"og:locale\" content=\"es_ES\" \/>\n\t\t<meta property=\"og:site_name\" content=\"LEMMETravel.com\u00ae | Book Hotels, Flights, Cars &amp; Tours Online\" \/>\n\t\t<meta property=\"og:type\" content=\"article\" \/>\n\t\t<meta property=\"og:title\" content=\"Disclaimer\" \/>\n\t\t<meta property=\"og:url\" content=\"https:\/\/www.lemmetravel.com\/es\/descargo-de-responsabilidad\/\" \/>\n\t\t<meta property=\"og:image\" content=\"https:\/\/www.lemmetravel.com\/wp-content\/uploads\/2025\/06\/i-40.webp\" \/>\n\t\t<meta property=\"og:image:secure_url\" content=\"https:\/\/www.lemmetravel.com\/wp-content\/uploads\/2025\/06\/i-40.webp\" \/>\n\t\t<meta property=\"og:image:width\" content=\"249\" \/>\n\t\t<meta property=\"og:image:height\" content=\"320\" \/>\n\t\t<meta property=\"article:published_time\" content=\"2025-06-30T13:01:44+00:00\" \/>\n\t\t<meta property=\"article:modified_time\" content=\"2025-08-10T20:25:05+00:00\" \/>\n\t\t<meta property=\"article:publisher\" content=\"https:\/\/facebook.com\/lemetravel\" \/>\n\t\t<meta name=\"twitter:card\" content=\"summary_large_image\" \/>\n\t\t<meta name=\"twitter:site\" content=\"@lemetravel\" \/>\n\t\t<meta name=\"twitter:title\" content=\"Disclaimer\" \/>\n\t\t<meta name=\"twitter:creator\" content=\"@lemetravel\" \/>\n\t\t<meta name=\"twitter:image\" content=\"https:\/\/www.lemmetravel.com\/wp-content\/uploads\/2025\/06\/i-40.webp\" \/>\n\t\t<script type=\"application\/ld+json\" class=\"aioseo-schema\">\n\t\t\t{\"@context\":\"https:\\\/\\\/schema.org\",\"@graph\":[{\"@type\":\"BreadcrumbList\",\"@id\":\"https:\\\/\\\/www.lemmetravel.com\\\/es\\\/descargo-de-responsabilidad\\\/#breadcrumblist\",\"itemListElement\":[{\"@type\":\"ListItem\",\"@id\":\"https:\\\/\\\/www.lemmetravel.com\\\/es#listItem\",\"position\":1,\"name\":\"Home\",\"item\":\"https:\\\/\\\/www.lemmetravel.com\\\/es\",\"nextItem\":{\"@type\":\"ListItem\",\"@id\":\"https:\\\/\\\/www.lemmetravel.com\\\/es\\\/descargo-de-responsabilidad\\\/#listItem\",\"name\":\"Disclaimer\"}},{\"@type\":\"ListItem\",\"@id\":\"https:\\\/\\\/www.lemmetravel.com\\\/es\\\/descargo-de-responsabilidad\\\/#listItem\",\"position\":2,\"name\":\"Disclaimer\",\"previousItem\":{\"@type\":\"ListItem\",\"@id\":\"https:\\\/\\\/www.lemmetravel.com\\\/es#listItem\",\"name\":\"Home\"}}]},{\"@type\":\"Organization\",\"@id\":\"https:\\\/\\\/www.lemmetravel.com\\\/es\\\/#organization\",\"name\":\"LEMMETravel.com\\u00ae\",\"description\":\"LEMMETravel.com is your all-in-one online booking platform for hotels, flights, car rentals, and tours worldwide. Compare prices, book instantly, and enjoy seamless travel planning with competitive deals and trusted partners.\",\"url\":\"https:\\\/\\\/www.lemmetravel.com\\\/es\\\/\",\"email\":\"support@lemmetravel.com\",\"telephone\":\"+971525234064\",\"foundingDate\":\"2016-07-01\",\"numberOfEmployees\":{\"@type\":\"QuantitativeValue\",\"minValue\":0,\"maxValue\":20},\"logo\":{\"@type\":\"ImageObject\",\"url\":\"https:\\\/\\\/www.lemmetravel.com\\\/wp-content\\\/uploads\\\/2025\\\/07\\\/Untitled-design-85.jpg\",\"@id\":\"https:\\\/\\\/www.lemmetravel.com\\\/es\\\/descargo-de-responsabilidad\\\/#organizationLogo\",\"width\":112,\"height\":112,\"caption\":\"LEMMETravel.com\"},\"image\":{\"@id\":\"https:\\\/\\\/www.lemmetravel.com\\\/es\\\/descargo-de-responsabilidad\\\/#organizationLogo\"},\"sameAs\":[\"https:\\\/\\\/facebook.com\\\/lemetravel\",\"https:\\\/\\\/x.com\\\/lemetravel\",\"https:\\\/\\\/www.instagram.com\\\/lemetravel\\\/\",\"https:\\\/\\\/www.tiktok.com\\\/@lemmetravel\",\"https:\\\/\\\/www.pinterest.com\\\/officiallemmetravel\\\/\",\"https:\\\/\\\/www.youtube.com\\\/channel\\\/UCQfiu3Cz99bkm5iKxufCKew\",\"https:\\\/\\\/www.linkedin.com\\\/company\\\/lemmetravel-com\"]},{\"@type\":\"WebPage\",\"@id\":\"https:\\\/\\\/www.lemmetravel.com\\\/es\\\/descargo-de-responsabilidad\\\/#webpage\",\"url\":\"https:\\\/\\\/www.lemmetravel.com\\\/es\\\/descargo-de-responsabilidad\\\/\",\"name\":\"Disclaimer\",\"inLanguage\":\"es-ES\",\"isPartOf\":{\"@id\":\"https:\\\/\\\/www.lemmetravel.com\\\/es\\\/#website\"},\"breadcrumb\":{\"@id\":\"https:\\\/\\\/www.lemmetravel.com\\\/es\\\/descargo-de-responsabilidad\\\/#breadcrumblist\"},\"datePublished\":\"2025-06-30T13:01:44+00:00\",\"dateModified\":\"2025-08-10T20:25:05+00:00\"},{\"@type\":\"WebSite\",\"@id\":\"https:\\\/\\\/www.lemmetravel.com\\\/es\\\/#website\",\"url\":\"https:\\\/\\\/www.lemmetravel.com\\\/es\\\/\",\"name\":\"LEMMETravel.com\\u00ae\",\"alternateName\":\"The Largest website for Hotels and Flights booking\",\"description\":\"Book Hotels, Flights, Cars & Tours Online\",\"inLanguage\":\"es-ES\",\"publisher\":{\"@id\":\"https:\\\/\\\/www.lemmetravel.com\\\/es\\\/#organization\"}}]}\n\t\t<\/script>\n\t\t<!-- All in One SEO Pro -->\r\n\t\t<title>Disclaimer<\/title>\n\n","aioseo_head_json":{"title":"Disclaimer","description":"","canonical_url":"https:\/\/www.lemmetravel.com\/es\/descargo-de-responsabilidad\/","robots":"noindex, nofollow, noarchive, nosnippet, noimageindex, noodp, max-video-preview:-1","keywords":"","webmasterTools":{"miscellaneous":""},"schema":{"@context":"https:\/\/schema.org","@graph":[{"@type":"BreadcrumbList","@id":"https:\/\/www.lemmetravel.com\/es\/descargo-de-responsabilidad\/#breadcrumblist","itemListElement":[{"@type":"ListItem","@id":"https:\/\/www.lemmetravel.com\/es#listItem","position":1,"name":"Home","item":"https:\/\/www.lemmetravel.com\/es","nextItem":{"@type":"ListItem","@id":"https:\/\/www.lemmetravel.com\/es\/descargo-de-responsabilidad\/#listItem","name":"Disclaimer"}},{"@type":"ListItem","@id":"https:\/\/www.lemmetravel.com\/es\/descargo-de-responsabilidad\/#listItem","position":2,"name":"Disclaimer","previousItem":{"@type":"ListItem","@id":"https:\/\/www.lemmetravel.com\/es#listItem","name":"Home"}}]},{"@type":"Organization","@id":"https:\/\/www.lemmetravel.com\/es\/#organization","name":"LEMMETravel.com\u00ae","description":"LEMMETravel.com is your all-in-one online booking platform for hotels, flights, car rentals, and tours worldwide. Compare prices, book instantly, and enjoy seamless travel planning with competitive deals and trusted partners.","url":"https:\/\/www.lemmetravel.com\/es\/","email":"support@lemmetravel.com","telephone":"+971525234064","foundingDate":"2016-07-01","numberOfEmployees":{"@type":"QuantitativeValue","minValue":0,"maxValue":20},"logo":{"@type":"ImageObject","url":"https:\/\/www.lemmetravel.com\/wp-content\/uploads\/2025\/07\/Untitled-design-85.jpg","@id":"https:\/\/www.lemmetravel.com\/es\/descargo-de-responsabilidad\/#organizationLogo","width":112,"height":112,"caption":"LEMMETravel.com"},"image":{"@id":"https:\/\/www.lemmetravel.com\/es\/descargo-de-responsabilidad\/#organizationLogo"},"sameAs":["https:\/\/facebook.com\/lemetravel","https:\/\/x.com\/lemetravel","https:\/\/www.instagram.com\/lemetravel\/","https:\/\/www.tiktok.com\/@lemmetravel","https:\/\/www.pinterest.com\/officiallemmetravel\/","https:\/\/www.youtube.com\/channel\/UCQfiu3Cz99bkm5iKxufCKew","https:\/\/www.linkedin.com\/company\/lemmetravel-com"]},{"@type":"WebPage","@id":"https:\/\/www.lemmetravel.com\/es\/descargo-de-responsabilidad\/#webpage","url":"https:\/\/www.lemmetravel.com\/es\/descargo-de-responsabilidad\/","name":"Disclaimer","inLanguage":"es-ES","isPartOf":{"@id":"https:\/\/www.lemmetravel.com\/es\/#website"},"breadcrumb":{"@id":"https:\/\/www.lemmetravel.com\/es\/descargo-de-responsabilidad\/#breadcrumblist"},"datePublished":"2025-06-30T13:01:44+00:00","dateModified":"2025-08-10T20:25:05+00:00"},{"@type":"WebSite","@id":"https:\/\/www.lemmetravel.com\/es\/#website","url":"https:\/\/www.lemmetravel.com\/es\/","name":"LEMMETravel.com\u00ae","alternateName":"The Largest website for Hotels and Flights booking","description":"Book Hotels, Flights, Cars & Tours Online","inLanguage":"es-ES","publisher":{"@id":"https:\/\/www.lemmetravel.com\/es\/#organization"}}]},"og:locale":"es_ES","og:site_name":"LEMMETravel.com\u00ae | Book Hotels, Flights, Cars &amp; Tours Online","og:type":"article","og:title":"Disclaimer","og:url":"https:\/\/www.lemmetravel.com\/es\/descargo-de-responsabilidad\/","og:image":"https:\/\/www.lemmetravel.com\/wp-content\/uploads\/2025\/06\/i-40.webp","og:image:secure_url":"https:\/\/www.lemmetravel.com\/wp-content\/uploads\/2025\/06\/i-40.webp","og:image:width":249,"og:image:height":320,"article:published_time":"2025-06-30T13:01:44+00:00","article:modified_time":"2025-08-10T20:25:05+00:00","article:publisher":"https:\/\/facebook.com\/lemetravel","twitter:card":"summary_large_image","twitter:site":"@lemetravel","twitter:title":"Disclaimer","twitter:creator":"@lemetravel","twitter:image":"https:\/\/www.lemmetravel.com\/wp-content\/uploads\/2025\/06\/i-40.webp"},"aioseo_meta_data":{"post_id":"8931","title":null,"description":null,"keywords":null,"keyphrases":{"focus":{"keyphrase":"","score":0,"analysis":{"keyphraseInTitle":{"score":0,"maxScore":9,"error":1}}},"additional":[]},"primary_term":null,"canonical_url":null,"og_title":null,"og_description":null,"og_object_type":"default","og_image_type":"default","og_image_url":null,"og_image_width":null,"og_image_height":null,"og_image_custom_url":null,"og_image_custom_fields":null,"og_video":"","og_custom_url":null,"og_article_section":null,"og_article_tags":null,"twitter_use_og":false,"twitter_card":"default","twitter_image_type":"default","twitter_image_url":null,"twitter_image_custom_url":null,"twitter_image_custom_fields":null,"twitter_title":null,"twitter_description":null,"schema":{"blockGraphs":[],"customGraphs":[],"default":{"data":{"Article":[],"Course":[],"Dataset":[],"FAQPage":[],"Movie":[],"Person":[],"Product":[],"ProductReview":[],"Car":[],"Recipe":[],"Service":[],"SoftwareApplication":[],"WebPage":[]},"graphName":"WebPage","isEnabled":true},"graphs":[]},"schema_type":"default","schema_type_options":null,"pillar_content":false,"robots_default":false,"robots_noindex":true,"robots_noarchive":true,"robots_nosnippet":true,"robots_nofollow":true,"robots_noimageindex":true,"robots_noodp":true,"robots_notranslate":false,"robots_max_snippet":"-1","robots_max_videopreview":"-1","robots_max_imagepreview":"large","priority":null,"frequency":"default","local_seo":null,"seo_analyzer_scan_date":"2025-08-18 18:09:46","breadcrumb_settings":null,"limit_modified_date":false,"reviewed_by":"0","open_ai":null,"ai":{"faqs":[],"keyPoints":[],"titles":[],"descriptions":[],"socialPosts":{"email":[],"linkedin":[],"twitter":[],"facebook":[],"instagram":[]}},"created":"2025-07-07 11:17:05","updated":"2025-08-18 18:09:46"},"aioseo_breadcrumb":"<div class=\"aioseo-breadcrumbs\"><span class=\"aioseo-breadcrumb\">\n\t<a href=\"https:\/\/www.lemmetravel.com\/es\" title=\"Home\">Home<\/a>\n<\/span><span class=\"aioseo-breadcrumb-separator\">|<\/span><span class=\"aioseo-breadcrumb\">\n\tDisclaimer\n<\/span><\/div>","aioseo_breadcrumb_json":[{"label":"Home","link":"https:\/\/www.lemmetravel.com\/es"},{"label":"Disclaimer","link":"https:\/\/www.lemmetravel.com\/es\/descargo-de-responsabilidad\/"}],"_links":{"self":[{"href":"https:\/\/www.lemmetravel.com\/es\/wp-json\/wp\/v2\/pages\/8931","targetHints":{"allow":["GET"]}}],"collection":[{"href":"https:\/\/www.lemmetravel.com\/es\/wp-json\/wp\/v2\/pages"}],"about":[{"href":"https:\/\/www.lemmetravel.com\/es\/wp-json\/wp\/v2\/types\/page"}],"author":[{"embeddable":true,"href":"https:\/\/www.lemmetravel.com\/es\/wp-json\/wp\/v2\/users\/1"}],"replies":[{"embeddable":true,"href":"https:\/\/www.lemmetravel.com\/es\/wp-json\/wp\/v2\/comments?post=8931"}],"version-history":[{"count":1,"href":"https:\/\/www.lemmetravel.com\/es\/wp-json\/wp\/v2\/pages\/8931\/revisions"}],"predecessor-version":[{"id":9389,"href":"https:\/\/www.lemmetravel.com\/es\/wp-json\/wp\/v2\/pages\/8931\/revisions\/9389"}],"wp:attachment":[{"href":"https:\/\/www.lemmetravel.com\/es\/wp-json\/wp\/v2\/media?parent=8931"}],"curies":[{"name":"wp","href":"https:\/\/api.w.org\/{rel}","templated":true}]}}