{"id":8931,"date":"2025-06-30T13:01:44","date_gmt":"2025-06-30T13:01:44","guid":{"rendered":"https:\/\/lemmetravel.com\/disclaimer\/"},"modified":"2025-08-10T20:25:05","modified_gmt":"2025-08-10T20:25:05","slug":"disclaimer","status":"publish","type":"page","link":"https:\/\/www.lemmetravel.com\/de\/haftungsausschluss\/","title":{"rendered":"Haftungsausschluss"},"content":{"rendered":"<!-- Legal document generated by Complianz | GDPR\/CCPA Cookie Consent https:\/\/wordpress.org\/plugins\/complianz-gdpr -->\n<div id=\"cmplz-document\" class=\"cmplz-document disclaimer cmplz-document-all\"><p>LEMME TRAVEL - FZCO ist dazu verpflichtet, diese Website aktuell und akkurat zu halten. Solltest du dennoch auf irgendetwas sto\u00dfen, das veraltet oder inkorrekt ist, w\u00fcrden wir es sch\u00e4tzen, wenn du es uns wissen l\u00e4sst. Bitte weise darauf hin, wo du auf der Seite die Informationen gelesen hast. Wir werden uns dann so schnell wie m\u00f6glich darum k\u00fcmmern. Bitte senden Sie Ihre R\u00fcckmeldung an: <span class=\"cmplz-obfuscate\">sup&#112;ort@<span class=\"cmplz-fmail-domain\">&#101;x&#046;c&#111;m<\/span>lemm&#101;&#116;&#114;avel.com<\/span>.<\/p><p>Wir \u00fcbernehmen keine Haftung f\u00fcr aus Ungenauigkeit oder Unvollst\u00e4ndigkeit resultierende Verluste, noch f\u00fcr entstehende Verluste oder Verbreitung von Informationen durch das Internet, wie St\u00f6rungen oder Unterbrechungen. Bei der Verwendung von Internetfomularen streben wir danach, die Anzahl der ben\u00f6tigten Felder zu minimieren. F\u00fcr jegliche Verluste, die aus der Verwendung von LEMME TRAVEL - FZCO empfohlener oder stammender Daten, Hinweise oder Ideen entstehen, \u00fcbernimmt LEMME TRAVEL - FZCO keinerlei Haftung.<\/p><p>Die Verwendung der Website und aller ihrer Teile (einschlie\u00dflich Foren) unterliegt den <a href=\"https:\/\/www.lemmetravel.com\/de\/geschaftsbedingungen\/\" target=\"_blank\">Nutzung<\/a>. Bereits die Nutzung der Website impliziert das Wissen und die Akzeptanz dieser Nutzungsbedingungen.<\/p><p>Jegliches geistiges Eigentumsrecht an Inhalten auf dieser Website ist im Besitz von LEMME TRAVEL - FZCO.<\/p><p>Das Kopieren, Verbreiten oder jede andere Nutzung dieser Materialien ist ohne die schriftliche Genehmigung von LEMME TRAVEL - FZCO nicht gestattet, sofern in geltendem Gesetz nicht anders vereinbart oder ausgenommen (wie etwa das Recht zu zitieren), solang der spezifische Inhalt nichts anderes vorschreibt.<\/p><p>Wenn Sie Fragen oder Probleme mit der Verf\u00fcgbarkeit der Website haben, z\u00f6gern Sie nicht, uns zu kontaktieren.<\/p><\/div>","protected":false},"excerpt":{"rendered":"","protected":false},"author":1,"featured_media":0,"parent":0,"menu_order":0,"comment_status":"closed","ping_status":"closed","template":"","meta":{"footnotes":""},"class_list":["post-8931","page","type-page","status-publish","hentry"],"aioseo_notices":[],"acf":[],"aioseo_head":"\n\t\t<!-- All in One SEO Pro 4.9.5.1 - aioseo.com -->\n\t<meta name=\"robots\" content=\"noindex, nofollow, noarchive, nosnippet, noimageindex, noodp, max-video-preview:-1\" \/>\n\t<link rel=\"canonical\" href=\"https:\/\/www.lemmetravel.com\/de\/haftungsausschluss\/\" \/>\n\t<meta name=\"generator\" content=\"All in One SEO Pro (AIOSEO) 4.9.5.1\" \/>\n\t\t<meta property=\"og:locale\" content=\"de_DE\" \/>\n\t\t<meta property=\"og:site_name\" content=\"LEMMETravel.com\u00ae | Book Hotels, Flights, Cars &amp; Tours Online\" \/>\n\t\t<meta property=\"og:type\" content=\"article\" \/>\n\t\t<meta property=\"og:title\" content=\"Disclaimer\" \/>\n\t\t<meta property=\"og:url\" content=\"https:\/\/www.lemmetravel.com\/de\/haftungsausschluss\/\" \/>\n\t\t<meta property=\"og:image\" content=\"https:\/\/www.lemmetravel.com\/wp-content\/uploads\/2025\/06\/i-40.webp\" \/>\n\t\t<meta property=\"og:image:secure_url\" content=\"https:\/\/www.lemmetravel.com\/wp-content\/uploads\/2025\/06\/i-40.webp\" \/>\n\t\t<meta property=\"og:image:width\" content=\"249\" \/>\n\t\t<meta property=\"og:image:height\" content=\"320\" \/>\n\t\t<meta property=\"article:published_time\" content=\"2025-06-30T13:01:44+00:00\" \/>\n\t\t<meta property=\"article:modified_time\" content=\"2025-08-10T20:25:05+00:00\" \/>\n\t\t<meta property=\"article:publisher\" content=\"https:\/\/facebook.com\/lemetravel\" \/>\n\t\t<meta name=\"twitter:card\" content=\"summary_large_image\" \/>\n\t\t<meta name=\"twitter:site\" content=\"@lemetravel\" \/>\n\t\t<meta name=\"twitter:title\" content=\"Disclaimer\" \/>\n\t\t<meta name=\"twitter:creator\" content=\"@lemetravel\" \/>\n\t\t<meta name=\"twitter:image\" content=\"https:\/\/www.lemmetravel.com\/wp-content\/uploads\/2025\/06\/i-40.webp\" \/>\n\t\t<script type=\"application\/ld+json\" class=\"aioseo-schema\">\n\t\t\t{\"@context\":\"https:\\\/\\\/schema.org\",\"@graph\":[{\"@type\":\"BreadcrumbList\",\"@id\":\"https:\\\/\\\/www.lemmetravel.com\\\/de\\\/haftungsausschluss\\\/#breadcrumblist\",\"itemListElement\":[{\"@type\":\"ListItem\",\"@id\":\"https:\\\/\\\/www.lemmetravel.com\\\/de#listItem\",\"position\":1,\"name\":\"Home\",\"item\":\"https:\\\/\\\/www.lemmetravel.com\\\/de\",\"nextItem\":{\"@type\":\"ListItem\",\"@id\":\"https:\\\/\\\/www.lemmetravel.com\\\/de\\\/haftungsausschluss\\\/#listItem\",\"name\":\"Disclaimer\"}},{\"@type\":\"ListItem\",\"@id\":\"https:\\\/\\\/www.lemmetravel.com\\\/de\\\/haftungsausschluss\\\/#listItem\",\"position\":2,\"name\":\"Disclaimer\",\"previousItem\":{\"@type\":\"ListItem\",\"@id\":\"https:\\\/\\\/www.lemmetravel.com\\\/de#listItem\",\"name\":\"Home\"}}]},{\"@type\":\"Organization\",\"@id\":\"https:\\\/\\\/www.lemmetravel.com\\\/de\\\/#organization\",\"name\":\"LEMMETravel.com\\u00ae\",\"description\":\"LEMMETravel.com is your all-in-one online booking platform for hotels, flights, car rentals, and tours worldwide. Compare prices, book instantly, and enjoy seamless travel planning with competitive deals and trusted partners.\",\"url\":\"https:\\\/\\\/www.lemmetravel.com\\\/de\\\/\",\"email\":\"support@lemmetravel.com\",\"telephone\":\"+971525234064\",\"foundingDate\":\"2016-07-01\",\"numberOfEmployees\":{\"@type\":\"QuantitativeValue\",\"minValue\":0,\"maxValue\":20},\"logo\":{\"@type\":\"ImageObject\",\"url\":\"https:\\\/\\\/www.lemmetravel.com\\\/wp-content\\\/uploads\\\/2025\\\/07\\\/Untitled-design-85.jpg\",\"@id\":\"https:\\\/\\\/www.lemmetravel.com\\\/de\\\/haftungsausschluss\\\/#organizationLogo\",\"width\":112,\"height\":112,\"caption\":\"LEMMETravel.com\"},\"image\":{\"@id\":\"https:\\\/\\\/www.lemmetravel.com\\\/de\\\/haftungsausschluss\\\/#organizationLogo\"},\"sameAs\":[\"https:\\\/\\\/facebook.com\\\/lemetravel\",\"https:\\\/\\\/x.com\\\/lemetravel\",\"https:\\\/\\\/www.instagram.com\\\/lemetravel\\\/\",\"https:\\\/\\\/www.tiktok.com\\\/@lemmetravel\",\"https:\\\/\\\/www.pinterest.com\\\/officiallemmetravel\\\/\",\"https:\\\/\\\/www.youtube.com\\\/channel\\\/UCQfiu3Cz99bkm5iKxufCKew\",\"https:\\\/\\\/www.linkedin.com\\\/company\\\/lemmetravel-com\"]},{\"@type\":\"WebPage\",\"@id\":\"https:\\\/\\\/www.lemmetravel.com\\\/de\\\/haftungsausschluss\\\/#webpage\",\"url\":\"https:\\\/\\\/www.lemmetravel.com\\\/de\\\/haftungsausschluss\\\/\",\"name\":\"Disclaimer\",\"inLanguage\":\"de-DE\",\"isPartOf\":{\"@id\":\"https:\\\/\\\/www.lemmetravel.com\\\/de\\\/#website\"},\"breadcrumb\":{\"@id\":\"https:\\\/\\\/www.lemmetravel.com\\\/de\\\/haftungsausschluss\\\/#breadcrumblist\"},\"datePublished\":\"2025-06-30T13:01:44+00:00\",\"dateModified\":\"2025-08-10T20:25:05+00:00\"},{\"@type\":\"WebSite\",\"@id\":\"https:\\\/\\\/www.lemmetravel.com\\\/de\\\/#website\",\"url\":\"https:\\\/\\\/www.lemmetravel.com\\\/de\\\/\",\"name\":\"LEMMETravel.com\\u00ae\",\"alternateName\":\"The Largest website for Hotels and Flights booking\",\"description\":\"Book Hotels, Flights, Cars & Tours Online\",\"inLanguage\":\"de-DE\",\"publisher\":{\"@id\":\"https:\\\/\\\/www.lemmetravel.com\\\/de\\\/#organization\"}}]}\n\t\t<\/script>\n\t\t<!-- All in One SEO Pro -->\r\n\t\t<title>Disclaimer<\/title>\n\n","aioseo_head_json":{"title":"Disclaimer","description":"","canonical_url":"https:\/\/www.lemmetravel.com\/de\/haftungsausschluss\/","robots":"noindex, nofollow, noarchive, nosnippet, noimageindex, noodp, max-video-preview:-1","keywords":"","webmasterTools":{"miscellaneous":""},"schema":{"@context":"https:\/\/schema.org","@graph":[{"@type":"BreadcrumbList","@id":"https:\/\/www.lemmetravel.com\/de\/haftungsausschluss\/#breadcrumblist","itemListElement":[{"@type":"ListItem","@id":"https:\/\/www.lemmetravel.com\/de#listItem","position":1,"name":"Home","item":"https:\/\/www.lemmetravel.com\/de","nextItem":{"@type":"ListItem","@id":"https:\/\/www.lemmetravel.com\/de\/haftungsausschluss\/#listItem","name":"Disclaimer"}},{"@type":"ListItem","@id":"https:\/\/www.lemmetravel.com\/de\/haftungsausschluss\/#listItem","position":2,"name":"Disclaimer","previousItem":{"@type":"ListItem","@id":"https:\/\/www.lemmetravel.com\/de#listItem","name":"Home"}}]},{"@type":"Organization","@id":"https:\/\/www.lemmetravel.com\/de\/#organization","name":"LEMMETravel.com\u00ae","description":"LEMMETravel.com is your all-in-one online booking platform for hotels, flights, car rentals, and tours worldwide. Compare prices, book instantly, and enjoy seamless travel planning with competitive deals and trusted partners.","url":"https:\/\/www.lemmetravel.com\/de\/","email":"support@lemmetravel.com","telephone":"+971525234064","foundingDate":"2016-07-01","numberOfEmployees":{"@type":"QuantitativeValue","minValue":0,"maxValue":20},"logo":{"@type":"ImageObject","url":"https:\/\/www.lemmetravel.com\/wp-content\/uploads\/2025\/07\/Untitled-design-85.jpg","@id":"https:\/\/www.lemmetravel.com\/de\/haftungsausschluss\/#organizationLogo","width":112,"height":112,"caption":"LEMMETravel.com"},"image":{"@id":"https:\/\/www.lemmetravel.com\/de\/haftungsausschluss\/#organizationLogo"},"sameAs":["https:\/\/facebook.com\/lemetravel","https:\/\/x.com\/lemetravel","https:\/\/www.instagram.com\/lemetravel\/","https:\/\/www.tiktok.com\/@lemmetravel","https:\/\/www.pinterest.com\/officiallemmetravel\/","https:\/\/www.youtube.com\/channel\/UCQfiu3Cz99bkm5iKxufCKew","https:\/\/www.linkedin.com\/company\/lemmetravel-com"]},{"@type":"WebPage","@id":"https:\/\/www.lemmetravel.com\/de\/haftungsausschluss\/#webpage","url":"https:\/\/www.lemmetravel.com\/de\/haftungsausschluss\/","name":"Disclaimer","inLanguage":"de-DE","isPartOf":{"@id":"https:\/\/www.lemmetravel.com\/de\/#website"},"breadcrumb":{"@id":"https:\/\/www.lemmetravel.com\/de\/haftungsausschluss\/#breadcrumblist"},"datePublished":"2025-06-30T13:01:44+00:00","dateModified":"2025-08-10T20:25:05+00:00"},{"@type":"WebSite","@id":"https:\/\/www.lemmetravel.com\/de\/#website","url":"https:\/\/www.lemmetravel.com\/de\/","name":"LEMMETravel.com\u00ae","alternateName":"The Largest website for Hotels and Flights booking","description":"Book Hotels, Flights, Cars & Tours Online","inLanguage":"de-DE","publisher":{"@id":"https:\/\/www.lemmetravel.com\/de\/#organization"}}]},"og:locale":"de_DE","og:site_name":"LEMMETravel.com\u00ae | Book Hotels, Flights, Cars &amp; Tours Online","og:type":"article","og:title":"Disclaimer","og:url":"https:\/\/www.lemmetravel.com\/de\/haftungsausschluss\/","og:image":"https:\/\/www.lemmetravel.com\/wp-content\/uploads\/2025\/06\/i-40.webp","og:image:secure_url":"https:\/\/www.lemmetravel.com\/wp-content\/uploads\/2025\/06\/i-40.webp","og:image:width":249,"og:image:height":320,"article:published_time":"2025-06-30T13:01:44+00:00","article:modified_time":"2025-08-10T20:25:05+00:00","article:publisher":"https:\/\/facebook.com\/lemetravel","twitter:card":"summary_large_image","twitter:site":"@lemetravel","twitter:title":"Disclaimer","twitter:creator":"@lemetravel","twitter:image":"https:\/\/www.lemmetravel.com\/wp-content\/uploads\/2025\/06\/i-40.webp"},"aioseo_meta_data":{"post_id":"8931","title":null,"description":null,"keywords":null,"keyphrases":{"focus":{"keyphrase":"","score":0,"analysis":{"keyphraseInTitle":{"score":0,"maxScore":9,"error":1}}},"additional":[]},"primary_term":null,"canonical_url":null,"og_title":null,"og_description":null,"og_object_type":"default","og_image_type":"default","og_image_url":null,"og_image_width":null,"og_image_height":null,"og_image_custom_url":null,"og_image_custom_fields":null,"og_video":"","og_custom_url":null,"og_article_section":null,"og_article_tags":null,"twitter_use_og":false,"twitter_card":"default","twitter_image_type":"default","twitter_image_url":null,"twitter_image_custom_url":null,"twitter_image_custom_fields":null,"twitter_title":null,"twitter_description":null,"schema":{"blockGraphs":[],"customGraphs":[],"default":{"data":{"Article":[],"Course":[],"Dataset":[],"FAQPage":[],"Movie":[],"Person":[],"Product":[],"ProductReview":[],"Car":[],"Recipe":[],"Service":[],"SoftwareApplication":[],"WebPage":[]},"graphName":"WebPage","isEnabled":true},"graphs":[]},"schema_type":"default","schema_type_options":null,"pillar_content":false,"robots_default":false,"robots_noindex":true,"robots_noarchive":true,"robots_nosnippet":true,"robots_nofollow":true,"robots_noimageindex":true,"robots_noodp":true,"robots_notranslate":false,"robots_max_snippet":"-1","robots_max_videopreview":"-1","robots_max_imagepreview":"large","priority":null,"frequency":"default","local_seo":null,"seo_analyzer_scan_date":"2025-08-18 18:09:46","breadcrumb_settings":null,"limit_modified_date":false,"reviewed_by":"0","open_ai":null,"ai":{"faqs":[],"keyPoints":[],"titles":[],"descriptions":[],"socialPosts":{"email":[],"linkedin":[],"twitter":[],"facebook":[],"instagram":[]}},"created":"2025-07-07 11:17:05","updated":"2025-08-18 18:09:46"},"aioseo_breadcrumb":"<div class=\"aioseo-breadcrumbs\"><span class=\"aioseo-breadcrumb\">\n\t<a href=\"https:\/\/www.lemmetravel.com\/de\" title=\"Home\">Home<\/a>\n<\/span><span class=\"aioseo-breadcrumb-separator\">|<\/span><span class=\"aioseo-breadcrumb\">\n\tDisclaimer\n<\/span><\/div>","aioseo_breadcrumb_json":[{"label":"Home","link":"https:\/\/www.lemmetravel.com\/de"},{"label":"Disclaimer","link":"https:\/\/www.lemmetravel.com\/de\/haftungsausschluss\/"}],"_links":{"self":[{"href":"https:\/\/www.lemmetravel.com\/de\/wp-json\/wp\/v2\/pages\/8931","targetHints":{"allow":["GET"]}}],"collection":[{"href":"https:\/\/www.lemmetravel.com\/de\/wp-json\/wp\/v2\/pages"}],"about":[{"href":"https:\/\/www.lemmetravel.com\/de\/wp-json\/wp\/v2\/types\/page"}],"author":[{"embeddable":true,"href":"https:\/\/www.lemmetravel.com\/de\/wp-json\/wp\/v2\/users\/1"}],"replies":[{"embeddable":true,"href":"https:\/\/www.lemmetravel.com\/de\/wp-json\/wp\/v2\/comments?post=8931"}],"version-history":[{"count":1,"href":"https:\/\/www.lemmetravel.com\/de\/wp-json\/wp\/v2\/pages\/8931\/revisions"}],"predecessor-version":[{"id":9389,"href":"https:\/\/www.lemmetravel.com\/de\/wp-json\/wp\/v2\/pages\/8931\/revisions\/9389"}],"wp:attachment":[{"href":"https:\/\/www.lemmetravel.com\/de\/wp-json\/wp\/v2\/media?parent=8931"}],"curies":[{"name":"wp","href":"https:\/\/api.w.org\/{rel}","templated":true}]}}